{"id":152,"date":"2025-09-18T23:05:44","date_gmt":"2025-09-18T21:05:44","guid":{"rendered":"https:\/\/taxivanmetz.fr\/?page_id=152"},"modified":"2025-09-19T21:40:17","modified_gmt":"2025-09-19T19:40:17","slug":"mentions-legales","status":"publish","type":"page","link":"https:\/\/taxivanmetz.fr\/?page_id=152","title":{"rendered":"Mentions l\u00e9gales"},"content":{"rendered":"\t\t<div data-elementor-type=\"wp-page\" data-elementor-id=\"152\" class=\"elementor elementor-152\">\n\t\t\t\t<div class=\"elementor-element elementor-element-fa4eef7 e-flex e-con-boxed wpr-particle-no wpr-jarallax-no wpr-parallax-no wpr-sticky-section-no wpr-equal-height-no e-con e-parent\" data-id=\"fa4eef7\" data-element_type=\"container\" data-e-type=\"container\">\n\t\t\t\t\t<div class=\"e-con-inner\">\n\t\t\t\t<div class=\"elementor-element elementor-element-7079c52 elementor-widget elementor-widget-html\" data-id=\"7079c52\" data-element_type=\"widget\" data-e-type=\"widget\" data-widget_type=\"html.default\">\n\t\t\t\t\t<section class=\"legal-wrap\" id=\"mentions-legales\" lang=\"fr\">\r\n  <div class=\"legal-container\">\r\n    <h1>Mentions l\u00e9gales<\/h1>\r\n    <p class=\"updated\">Derni\u00e8re mise \u00e0 jour : <time datetime=\"2025-09-18\">18 septembre 2025<\/time><\/p>\r\n\r\n    <h2>\u00c9diteur du site<\/h2>\r\n    <ul class=\"legal-list\">\r\n      <li><strong>Site :<\/strong> <span>https:\/\/taxivanmetz.fr\/<\/span><\/li>\r\n      <li><strong>D\u00e9nomination :<\/strong> <span>Lilas Transport<\/span><\/li>\r\n      <li><strong>Forme juridique :<\/strong> <span>SASU<\/span><\/li>\r\n      <li><strong>Repr\u00e9sentant l\u00e9gal :<\/strong> <span>Lamri KORICHI<\/span><\/li>\r\n      <li><strong>Si\u00e8ge social :<\/strong> <span>15 rue Lazare Carnot, 57100 Thionville, France<\/span><\/li>\r\n      <li><strong>T\u00e9l\u00e9phone :<\/strong> <a href=\"tel:+33788156210\">07&nbsp;88&nbsp;15&nbsp;62&nbsp;10<\/a><\/li>\r\n      <li><strong>Email :<\/strong> <a href=\"mailto:lilastransport@outlook.fr\">lilastransport@outlook.fr<\/a><\/li>\r\n      <li><strong>SIREN :<\/strong> 950&nbsp;846&nbsp;089<\/li>\r\n      <li><strong>SIRET :<\/strong> 950&nbsp;846&nbsp;089&nbsp;00015<\/li>\r\n      <li><strong>Code APE \/ NAF :<\/strong> 49.32Z \u2014 Transport de voyageurs par taxis<\/li>\r\n      <li><strong>N\u00b0 TVA :<\/strong> FR12&nbsp;950&nbsp;846&nbsp;089<\/li>\r\n      <li><strong>Licence de taxi :<\/strong> N\u00b0&nbsp;77 (Mairie de Metz)<\/li>\r\n      <li><strong>Assurance RC Pro :<\/strong> Contrat n\u00b0&nbsp;13557335907<\/li>\r\n    <\/ul>\r\n\r\n    <h2>H\u00e9bergement<\/h2>\r\n    <ul class=\"legal-list\">\r\n      <li><strong>H\u00e9bergeur :<\/strong> OVHcloud<\/li>\r\n      <li><strong>Soci\u00e9t\u00e9 :<\/strong> OVHcloud SAS, RCS Lille M\u00e9tropole 424&nbsp;761&nbsp;419<\/li>\r\n      <li><strong>Si\u00e8ge :<\/strong> 2 rue Kellermann, 59100 Roubaix, France<\/li>\r\n      <li><strong>Site :<\/strong> <a href=\"https:\/\/www.ovhcloud.com\" target=\"_blank\" rel=\"noopener\">www.ovhcloud.com<\/a><\/li>\r\n    <\/ul>\r\n\r\n    <h2>Propri\u00e9t\u00e9 intellectuelle<\/h2>\r\n    <p>L\u2019ensemble des contenus pr\u00e9sents sur ce site sont, sauf mention contraire, la propri\u00e9t\u00e9 de Lilas Transport. \r\n    Toute reproduction ou exploitation sans autorisation est interdite.<\/p>\r\n  <\/div>\r\n\r\n  <style>\r\n    .legal-wrap{\r\n      padding:60px 0;\r\n      background:#171219;\r\n      color:#fff;\r\n      font-family:\"Manrope\",system-ui,-apple-system,Segoe UI,Roboto,Arial,sans-serif;\r\n    }\r\n    .legal-container{\r\n      max-width:900px;\r\n      margin:0 auto;\r\n      padding:0 20px;\r\n    }\r\n    .legal-container h1{\r\n      font-size:clamp(28px,4vw,40px);\r\n      margin:0 0 12px;\r\n      color:#CBA5D6;\r\n      text-align:center;\r\n    }\r\n    .legal-container h2{\r\n      font-size:clamp(20px,2.6vw,26px);\r\n      margin:28px 0 10px;\r\n      color:#CBA5D6;\r\n    }\r\n    .updated{color:#E6E1EA;font-size:0.95rem;margin-bottom:12px;}\r\n    .legal-list{list-style:none;padding:0;margin:0;}\r\n    .legal-list li{padding:6px 0;border-bottom:1px solid rgba(255,255,255,0.1);}\r\n    .legal-list li:last-child{border-bottom:none;}\r\n    .legal-container p{line-height:1.6;margin:0 0 14px;}\r\n    .legal-container a{color:#CBA5D6;text-decoration:underline;}\r\n    .legal-container a:hover{color:#EADCF2;}\r\n  <\/style>\r\n<\/section>\r\n\t\t\t\t<\/div>\n\t\t\t\t\t<\/div>\n\t\t\t\t<\/div>\n\t\t\t\t<\/div>\n\t\t","protected":false},"excerpt":{"rendered":"<p>Mentions l\u00e9gales Derni\u00e8re mise \u00e0 jour : 18 septembre 2025 \u00c9diteur du site Site : https:\/\/taxivanmetz.fr\/ D\u00e9nomination : Lilas Transport Forme juridique : SASU Repr\u00e9sentant l\u00e9gal : Lamri KORICHI Si\u00e8ge social : 15 rue Lazare Carnot, 57100 Thionville, France T\u00e9l\u00e9phone : 07&nbsp;88&nbsp;15&nbsp;62&nbsp;10 Email : lilastransport@outlook.fr SIREN : 950&nbsp;846&nbsp;089 SIRET : 950&nbsp;846&nbsp;089&nbsp;00015 Code APE \/ NAF : 49.32Z \u2014 Transport de voyageurs par taxis N\u00b0 TVA : FR12&nbsp;950&nbsp;846&nbsp;089 Licence de taxi : N\u00b0&nbsp;77 (Mairie de Metz) Assurance RC Pro : Contrat n\u00b0&nbsp;13557335907 H\u00e9bergement H\u00e9bergeur : OVHcloud Soci\u00e9t\u00e9 : OVHcloud SAS, RCS Lille M\u00e9tropole 424&nbsp;761&nbsp;419 Si\u00e8ge : 2 rue Kellermann, 59100 Roubaix, France Site : www.ovhcloud.com Propri\u00e9t\u00e9 intellectuelle L\u2019ensemble des contenus pr\u00e9sents sur ce site sont, sauf mention contraire, la propri\u00e9t\u00e9 de Lilas Transport. Toute reproduction ou exploitation sans autorisation est interdite.<\/p>\n","protected":false},"author":1,"featured_media":0,"parent":0,"menu_order":0,"comment_status":"closed","ping_status":"closed","template":"","meta":{"site-sidebar-layout":"no-sidebar","site-content-layout":"","ast-site-content-layout":"full-width-container","site-content-style":"default","site-sidebar-style":"default","ast-global-header-display":"","ast-banner-title-visibility":"","ast-main-header-display":"","ast-hfb-above-header-display":"","ast-hfb-below-header-display":"","ast-hfb-mobile-header-display":"","site-post-title":"disabled","ast-breadcrumbs-content":"","ast-featured-img":"disabled","footer-sml-layout":"","theme-transparent-header-meta":"","adv-header-id-meta":"","stick-header-meta":"","header-above-stick-meta":"","header-main-stick-meta":"","header-below-stick-meta":"","astra-migrate-meta-layouts":"default","ast-page-background-enabled":"default","ast-page-background-meta":{"desktop":{"background-color":"var(--ast-global-color-5)","background-image":"","background-repeat":"repeat","background-position":"center center","background-size":"auto","background-attachment":"scroll","background-type":"","background-media":"","overlay-type":"","overlay-color":"","overlay-opacity":"","overlay-gradient":""},"tablet":{"background-color":"","background-image":"","background-repeat":"repeat","background-position":"center center","background-size":"auto","background-attachment":"scroll","background-type":"","background-media":"","overlay-type":"","overlay-color":"","overlay-opacity":"","overlay-gradient":""},"mobile":{"background-color":"","background-image":"","background-repeat":"repeat","background-position":"center center","background-size":"auto","background-attachment":"scroll","background-type":"","background-media":"","overlay-type":"","overlay-color":"","overlay-opacity":"","overlay-gradient":""}},"ast-content-background-meta":{"desktop":{"background-color":"var(--ast-global-color-4)","background-image":"","background-repeat":"repeat","background-position":"center center","background-size":"auto","background-attachment":"scroll","background-type":"","background-media":"","overlay-type":"","overlay-color":"","overlay-opacity":"","overlay-gradient":""},"tablet":{"background-color":"var(--ast-global-color-4)","background-image":"","background-repeat":"repeat","background-position":"center center","background-size":"auto","background-attachment":"scroll","background-type":"","background-media":"","overlay-type":"","overlay-color":"","overlay-opacity":"","overlay-gradient":""},"mobile":{"background-color":"var(--ast-global-color-4)","background-image":"","background-repeat":"repeat","background-position":"center center","background-size":"auto","background-attachment":"scroll","background-type":"","background-media":"","overlay-type":"","overlay-color":"","overlay-opacity":"","overlay-gradient":""}},"footnotes":""},"class_list":["post-152","page","type-page","status-publish","hentry"],"yoast_head":"<!-- This site is optimized with the Yoast SEO plugin v27.4 - https:\/\/yoast.com\/product\/yoast-seo-wordpress\/ -->\n<title>Mentions l\u00e9gales - taxivanmetz<\/title>\n<meta name=\"description\" content=\"mentions l\u00e9gales du site\" \/>\n<meta name=\"robots\" content=\"index, follow, max-snippet:-1, max-image-preview:large, max-video-preview:-1\" \/>\n<link rel=\"canonical\" href=\"https:\/\/taxivanmetz.fr\/?page_id=152\" \/>\n<meta property=\"og:locale\" content=\"fr_FR\" \/>\n<meta property=\"og:type\" content=\"article\" \/>\n<meta property=\"og:title\" content=\"Mentions l\u00e9gales - taxivanmetz\" \/>\n<meta property=\"og:description\" content=\"mentions l\u00e9gales du site\" \/>\n<meta property=\"og:url\" content=\"https:\/\/taxivanmetz.fr\/?page_id=152\" \/>\n<meta property=\"og:site_name\" content=\"taxivanmetz\" \/>\n<meta property=\"article:modified_time\" content=\"2025-09-19T19:40:17+00:00\" \/>\n<meta name=\"twitter:card\" content=\"summary_large_image\" \/>\n<meta name=\"twitter:label1\" content=\"Dur\u00e9e de lecture est.\" \/>\n\t<meta name=\"twitter:data1\" content=\"1 minute\" \/>\n<script type=\"application\/ld+json\" class=\"yoast-schema-graph\">{\"@context\":\"https:\\\/\\\/schema.org\",\"@graph\":[{\"@type\":\"WebPage\",\"@id\":\"https:\\\/\\\/taxivanmetz.fr\\\/?page_id=152\",\"url\":\"https:\\\/\\\/taxivanmetz.fr\\\/?page_id=152\",\"name\":\"Mentions l\u00e9gales - taxivanmetz\",\"isPartOf\":{\"@id\":\"https:\\\/\\\/taxivanmetz.fr\\\/#website\"},\"datePublished\":\"2025-09-18T21:05:44+00:00\",\"dateModified\":\"2025-09-19T19:40:17+00:00\",\"description\":\"mentions l\u00e9gales du site\",\"breadcrumb\":{\"@id\":\"https:\\\/\\\/taxivanmetz.fr\\\/?page_id=152#breadcrumb\"},\"inLanguage\":\"fr-BE\",\"potentialAction\":[{\"@type\":\"ReadAction\",\"target\":[\"https:\\\/\\\/taxivanmetz.fr\\\/?page_id=152\"]}]},{\"@type\":\"BreadcrumbList\",\"@id\":\"https:\\\/\\\/taxivanmetz.fr\\\/?page_id=152#breadcrumb\",\"itemListElement\":[{\"@type\":\"ListItem\",\"position\":1,\"name\":\"Accueil\",\"item\":\"https:\\\/\\\/taxivanmetz.fr\\\/\"},{\"@type\":\"ListItem\",\"position\":2,\"name\":\"Mentions l\u00e9gales\"}]},{\"@type\":\"WebSite\",\"@id\":\"https:\\\/\\\/taxivanmetz.fr\\\/#website\",\"url\":\"https:\\\/\\\/taxivanmetz.fr\\\/\",\"name\":\"taxivanmetz\",\"description\":\"\",\"potentialAction\":[{\"@type\":\"SearchAction\",\"target\":{\"@type\":\"EntryPoint\",\"urlTemplate\":\"https:\\\/\\\/taxivanmetz.fr\\\/?s={search_term_string}\"},\"query-input\":{\"@type\":\"PropertyValueSpecification\",\"valueRequired\":true,\"valueName\":\"search_term_string\"}}],\"inLanguage\":\"fr-BE\"}]}<\/script>\n<!-- \/ Yoast SEO plugin. -->","yoast_head_json":{"title":"Mentions l\u00e9gales - taxivanmetz","description":"mentions l\u00e9gales du site","robots":{"index":"index","follow":"follow","max-snippet":"max-snippet:-1","max-image-preview":"max-image-preview:large","max-video-preview":"max-video-preview:-1"},"canonical":"https:\/\/taxivanmetz.fr\/?page_id=152","og_locale":"fr_FR","og_type":"article","og_title":"Mentions l\u00e9gales - taxivanmetz","og_description":"mentions l\u00e9gales du site","og_url":"https:\/\/taxivanmetz.fr\/?page_id=152","og_site_name":"taxivanmetz","article_modified_time":"2025-09-19T19:40:17+00:00","twitter_card":"summary_large_image","twitter_misc":{"Dur\u00e9e de lecture est.":"1 minute"},"schema":{"@context":"https:\/\/schema.org","@graph":[{"@type":"WebPage","@id":"https:\/\/taxivanmetz.fr\/?page_id=152","url":"https:\/\/taxivanmetz.fr\/?page_id=152","name":"Mentions l\u00e9gales - taxivanmetz","isPartOf":{"@id":"https:\/\/taxivanmetz.fr\/#website"},"datePublished":"2025-09-18T21:05:44+00:00","dateModified":"2025-09-19T19:40:17+00:00","description":"mentions l\u00e9gales du site","breadcrumb":{"@id":"https:\/\/taxivanmetz.fr\/?page_id=152#breadcrumb"},"inLanguage":"fr-BE","potentialAction":[{"@type":"ReadAction","target":["https:\/\/taxivanmetz.fr\/?page_id=152"]}]},{"@type":"BreadcrumbList","@id":"https:\/\/taxivanmetz.fr\/?page_id=152#breadcrumb","itemListElement":[{"@type":"ListItem","position":1,"name":"Accueil","item":"https:\/\/taxivanmetz.fr\/"},{"@type":"ListItem","position":2,"name":"Mentions l\u00e9gales"}]},{"@type":"WebSite","@id":"https:\/\/taxivanmetz.fr\/#website","url":"https:\/\/taxivanmetz.fr\/","name":"taxivanmetz","description":"","potentialAction":[{"@type":"SearchAction","target":{"@type":"EntryPoint","urlTemplate":"https:\/\/taxivanmetz.fr\/?s={search_term_string}"},"query-input":{"@type":"PropertyValueSpecification","valueRequired":true,"valueName":"search_term_string"}}],"inLanguage":"fr-BE"}]}},"_links":{"self":[{"href":"https:\/\/taxivanmetz.fr\/index.php?rest_route=\/wp\/v2\/pages\/152","targetHints":{"allow":["GET"]}}],"collection":[{"href":"https:\/\/taxivanmetz.fr\/index.php?rest_route=\/wp\/v2\/pages"}],"about":[{"href":"https:\/\/taxivanmetz.fr\/index.php?rest_route=\/wp\/v2\/types\/page"}],"author":[{"embeddable":true,"href":"https:\/\/taxivanmetz.fr\/index.php?rest_route=\/wp\/v2\/users\/1"}],"replies":[{"embeddable":true,"href":"https:\/\/taxivanmetz.fr\/index.php?rest_route=%2Fwp%2Fv2%2Fcomments&post=152"}],"version-history":[{"count":4,"href":"https:\/\/taxivanmetz.fr\/index.php?rest_route=\/wp\/v2\/pages\/152\/revisions"}],"predecessor-version":[{"id":156,"href":"https:\/\/taxivanmetz.fr\/index.php?rest_route=\/wp\/v2\/pages\/152\/revisions\/156"}],"wp:attachment":[{"href":"https:\/\/taxivanmetz.fr\/index.php?rest_route=%2Fwp%2Fv2%2Fmedia&parent=152"}],"curies":[{"name":"wp","href":"https:\/\/api.w.org\/{rel}","templated":true}]}}